{"id":2722,"date":"2021-11-01T07:57:32","date_gmt":"2021-11-01T06:57:32","guid":{"rendered":"https:\/\/whyre.io\/ventures\/"},"modified":"2021-11-15T22:11:06","modified_gmt":"2021-11-15T21:11:06","slug":"whyre-ventures","status":"publish","type":"page","link":"https:\/\/whyre.io\/sv\/whyre-ventures\/","title":{"rendered":"Whyre Ventures"},"content":{"rendered":"\t\t<div data-elementor-type=\"wp-page\" data-elementor-id=\"2722\" class=\"elementor elementor-2722 elementor-1161\" data-elementor-post-type=\"page\">\n\t\t\t\t\t\t\t\t\t<section data-particle_enable=\"false\" data-particle-mobile-disabled=\"false\" class=\"elementor-section elementor-top-section elementor-element elementor-element-0573add black elementor-section-height-min-height elementor-section-boxed elementor-section-height-default elementor-section-items-middle\" data-id=\"0573add\" data-element_type=\"section\" data-settings=\"{&quot;background_background&quot;:&quot;classic&quot;,&quot;background_motion_fx_motion_fx_scrolling&quot;:&quot;yes&quot;,&quot;background_motion_fx_scale_effect&quot;:&quot;yes&quot;,&quot;background_motion_fx_scale_speed&quot;:{&quot;unit&quot;:&quot;px&quot;,&quot;size&quot;:6,&quot;sizes&quot;:[]},&quot;background_motion_fx_scale_range&quot;:{&quot;unit&quot;:&quot;%&quot;,&quot;size&quot;:&quot;&quot;,&quot;sizes&quot;:{&quot;start&quot;:19,&quot;end&quot;:54}},&quot;background_motion_fx_devices&quot;:[&quot;desktop&quot;,&quot;tablet&quot;],&quot;background_motion_fx_range&quot;:&quot;viewport&quot;,&quot;shape_divider_bottom&quot;:&quot;pyramids&quot;,&quot;background_motion_fx_scale_direction&quot;:&quot;out-in&quot;}\">\n\t\t\t\t\t\t\t<div class=\"elementor-background-overlay\"><\/div>\n\t\t\t\t\t\t<div class=\"elementor-shape elementor-shape-bottom\" data-negative=\"false\">\n\t\t\t<svg xmlns=\"http:\/\/www.w3.org\/2000\/svg\" viewBox=\"0 0 1000 100\" preserveAspectRatio=\"none\">\n\t<path class=\"elementor-shape-fill\" d=\"M761.9,44.1L643.1,27.2L333.8,98L0,3.8V0l1000,0v3.9\"\/>\n<\/svg>\t\t<\/div>\n\t\t\t\t\t<div class=\"elementor-container elementor-column-gap-default\">\n\t\t\t\t\t<div class=\"elementor-column elementor-col-100 elementor-top-column elementor-element elementor-element-e8ccb81\" data-id=\"e8ccb81\" data-element_type=\"column\">\n\t\t\t<div class=\"elementor-widget-wrap elementor-element-populated\">\n\t\t\t\t\t\t\t\t<div class=\"elementor-element elementor-element-b28ac26 elementor-widget elementor-widget-heading\" data-id=\"b28ac26\" data-element_type=\"widget\" data-widget_type=\"heading.default\">\n\t\t\t\t<div class=\"elementor-widget-container\">\n\t\t\t<style>\/*! elementor - v3.16.0 - 09-10-2023 *\/\n.elementor-heading-title{padding:0;margin:0;line-height:1}.elementor-widget-heading .elementor-heading-title[class*=elementor-size-]>a{color:inherit;font-size:inherit;line-height:inherit}.elementor-widget-heading .elementor-heading-title.elementor-size-small{font-size:15px}.elementor-widget-heading .elementor-heading-title.elementor-size-medium{font-size:19px}.elementor-widget-heading .elementor-heading-title.elementor-size-large{font-size:29px}.elementor-widget-heading .elementor-heading-title.elementor-size-xl{font-size:39px}.elementor-widget-heading .elementor-heading-title.elementor-size-xxl{font-size:59px}<\/style><h2 class=\"elementor-heading-title elementor-size-default\">Whyre Ventures<\/h2>\t\t<\/div>\n\t\t\t\t<\/div>\n\t\t\t\t<div class=\"elementor-element elementor-element-b147eff elementor-widget__width-initial elementor-widget elementor-widget-heading\" data-id=\"b147eff\" data-element_type=\"widget\" data-widget_type=\"heading.default\">\n\t\t\t\t<div class=\"elementor-widget-container\">\n\t\t\t<h6 class=\"elementor-heading-title elementor-size-default\">Inkuberar och startar nya projekt, investeringsm\u00f6jliheter och startup kapital. <\/h6>\t\t<\/div>\n\t\t\t\t<\/div>\n\t\t\t\t<div class=\"elementor-element elementor-element-574db59 elementor-widget__width-auto elementor-absolute elementor-widget elementor-widget-image\" data-id=\"574db59\" data-element_type=\"widget\" data-settings=\"{&quot;motion_fx_motion_fx_scrolling&quot;:&quot;yes&quot;,&quot;motion_fx_translateY_effect&quot;:&quot;yes&quot;,&quot;motion_fx_translateY_speed&quot;:{&quot;unit&quot;:&quot;px&quot;,&quot;size&quot;:7.7,&quot;sizes&quot;:[]},&quot;_position&quot;:&quot;absolute&quot;,&quot;motion_fx_translateY_affectedRange&quot;:{&quot;unit&quot;:&quot;%&quot;,&quot;size&quot;:&quot;&quot;,&quot;sizes&quot;:{&quot;start&quot;:14,&quot;end&quot;:100}},&quot;motion_fx_devices&quot;:[&quot;desktop&quot;,&quot;tablet&quot;,&quot;mobile&quot;]}\" data-widget_type=\"image.default\">\n\t\t\t\t<div class=\"elementor-widget-container\">\n\t\t\t<style>\/*! elementor - v3.16.0 - 09-10-2023 *\/\n.elementor-widget-image{text-align:center}.elementor-widget-image a{display:inline-block}.elementor-widget-image a img[src$=\".svg\"]{width:48px}.elementor-widget-image img{vertical-align:middle;display:inline-block}<\/style>\t\t\t\t\t\t\t\t\t\t\t\t<img decoding=\"async\" loading=\"lazy\" width=\"320\" height=\"907\" src=\"https:\/\/whyre.io\/wp-content\/uploads\/2021\/10\/random-triangles_6.svg\" class=\"attachment-large size-large wp-image-2116\" alt=\"\" \/>\t\t\t\t\t\t\t\t\t\t\t\t\t\t\t<\/div>\n\t\t\t\t<\/div>\n\t\t\t\t<div class=\"elementor-element elementor-element-062b6dd elementor-widget__width-auto elementor-absolute elementor-widget elementor-widget-image\" data-id=\"062b6dd\" data-element_type=\"widget\" data-settings=\"{&quot;motion_fx_motion_fx_scrolling&quot;:&quot;yes&quot;,&quot;motion_fx_translateY_effect&quot;:&quot;yes&quot;,&quot;motion_fx_translateY_speed&quot;:{&quot;unit&quot;:&quot;px&quot;,&quot;size&quot;:7.9,&quot;sizes&quot;:[]},&quot;_position&quot;:&quot;absolute&quot;,&quot;motion_fx_translateY_affectedRange&quot;:{&quot;unit&quot;:&quot;%&quot;,&quot;size&quot;:&quot;&quot;,&quot;sizes&quot;:{&quot;start&quot;:0,&quot;end&quot;:100}},&quot;motion_fx_devices&quot;:[&quot;desktop&quot;,&quot;tablet&quot;,&quot;mobile&quot;]}\" data-widget_type=\"image.default\">\n\t\t\t\t<div class=\"elementor-widget-container\">\n\t\t\t\t\t\t\t\t\t\t\t\t\t\t\t<img decoding=\"async\" loading=\"lazy\" width=\"240\" height=\"660\" src=\"https:\/\/whyre.io\/wp-content\/uploads\/2021\/10\/random-triangles_4.svg\" class=\"attachment-large size-large wp-image-2121\" alt=\"\" \/>\t\t\t\t\t\t\t\t\t\t\t\t\t\t\t<\/div>\n\t\t\t\t<\/div>\n\t\t\t\t\t<\/div>\n\t\t<\/div>\n\t\t\t\t\t\t\t<\/div>\n\t\t<\/section>\n\t\t\t\t<section data-particle_enable=\"false\" data-particle-mobile-disabled=\"false\" class=\"elementor-section elementor-top-section elementor-element elementor-element-694996d white elementor-section-boxed elementor-section-height-default elementor-section-height-default\" data-id=\"694996d\" data-element_type=\"section\">\n\t\t\t\t\t\t<div class=\"elementor-container elementor-column-gap-default\">\n\t\t\t\t\t<div class=\"elementor-column elementor-col-100 elementor-top-column elementor-element elementor-element-87bbcbc\" data-id=\"87bbcbc\" data-element_type=\"column\">\n\t\t\t<div class=\"elementor-widget-wrap elementor-element-populated\">\n\t\t\t\t\t\t\t\t<div class=\"elementor-element elementor-element-a8a8cc5 elementor-widget elementor-widget-text-editor\" data-id=\"a8a8cc5\" data-element_type=\"widget\" data-widget_type=\"text-editor.default\">\n\t\t\t\t<div class=\"elementor-widget-container\">\n\t\t\t<style>\/*! elementor - v3.16.0 - 09-10-2023 *\/\n.elementor-widget-text-editor.elementor-drop-cap-view-stacked .elementor-drop-cap{background-color:#69727d;color:#fff}.elementor-widget-text-editor.elementor-drop-cap-view-framed .elementor-drop-cap{color:#69727d;border:3px solid;background-color:transparent}.elementor-widget-text-editor:not(.elementor-drop-cap-view-default) .elementor-drop-cap{margin-top:8px}.elementor-widget-text-editor:not(.elementor-drop-cap-view-default) .elementor-drop-cap-letter{width:1em;height:1em}.elementor-widget-text-editor .elementor-drop-cap{float:left;text-align:center;line-height:1;font-size:50px}.elementor-widget-text-editor .elementor-drop-cap-letter{display:inline-block}<\/style>\t\t\t\t<p>Whyre \u00e4r i kontinuerliga diskussioner med samarbetspartners och investerare f\u00f6r att inkubera och starta en serie av kapitalplaceringar, med en grundtes som fokuserar p\u00e5 genomslag och m\u00f6jligheter inom den kreativa tekniska ekonomin och att f\u00f6rst\u00e5 gr\u00e4nssnittet mellan kreativ-, hybrid- och decentraliseradteknologi. <\/p>\n\t\t\t\t\t\t<\/div>\n\t\t\t\t<\/div>\n\t\t\t\t<div class=\"elementor-element elementor-element-f19d0c9 elementor-align-center elementor-widget elementor-widget-button\" data-id=\"f19d0c9\" data-element_type=\"widget\" data-widget_type=\"button.default\">\n\t\t\t\t<div class=\"elementor-widget-container\">\n\t\t\t\t\t<div class=\"elementor-button-wrapper\">\n\t\t\t<a class=\"elementor-button elementor-button-link elementor-size-sm\" href=\"https:\/\/whyre.io\/sv\/kontakta-oss\/\">\n\t\t\t\t\t\t<span class=\"elementor-button-content-wrapper\">\n\t\t\t\t\t\t<span class=\"elementor-button-text\">Kontakta oss<\/span>\n\t\t<\/span>\n\t\t\t\t\t<\/a>\n\t\t<\/div>\n\t\t\t\t<\/div>\n\t\t\t\t<\/div>\n\t\t\t\t\t<\/div>\n\t\t<\/div>\n\t\t\t\t\t\t\t<\/div>\n\t\t<\/section>\n\t\t\t\t\t\t\t<\/div>\n\t\t","protected":false},"excerpt":{"rendered":"<p>Whyre Ventures Inkuberar och startar nya projekt, investeringsm\u00f6jliheter och startup kapital. Whyre \u00e4r i kontinuerliga diskussioner med samarbetspartners och investerare f\u00f6r att inkubera och starta en serie av kapitalplaceringar, med en grundtes som fokuserar p\u00e5 genomslag och m\u00f6jligheter inom den kreativa tekniska ekonomin och att f\u00f6rst\u00e5 gr\u00e4nssnittet mellan kreativ-, hybrid- och decentraliseradteknologi. Kontakta oss<\/p>\n","protected":false},"author":3,"featured_media":0,"parent":0,"menu_order":0,"comment_status":"closed","ping_status":"closed","template":"elementor_header_footer","meta":{"footnotes":""},"yoast_head":"<!-- This site is optimized with the Yoast SEO plugin v21.3 - https:\/\/yoast.com\/wordpress\/plugins\/seo\/ -->\n<title>Whyre Ventures | Whyre<\/title>\n<meta name=\"robots\" content=\"index, follow, max-snippet:-1, max-image-preview:large, max-video-preview:-1\" \/>\n<link rel=\"canonical\" href=\"https:\/\/whyre.io\/sv\/whyre-ventures\/\" \/>\n<meta property=\"og:locale\" content=\"sv_SE\" \/>\n<meta property=\"og:type\" content=\"article\" \/>\n<meta property=\"og:title\" content=\"Whyre Ventures | Whyre\" \/>\n<meta property=\"og:description\" content=\"Whyre Ventures Inkuberar och startar nya projekt, investeringsm\u00f6jliheter och startup kapital. Whyre \u00e4r i kontinuerliga diskussioner med samarbetspartners och investerare f\u00f6r att inkubera och starta en serie av kapitalplaceringar, med en grundtes som fokuserar p\u00e5 genomslag och m\u00f6jligheter inom den kreativa tekniska ekonomin och att f\u00f6rst\u00e5 gr\u00e4nssnittet mellan kreativ-, hybrid- och decentraliseradteknologi. Kontakta oss\" \/>\n<meta property=\"og:url\" content=\"https:\/\/whyre.io\/sv\/whyre-ventures\/\" \/>\n<meta property=\"og:site_name\" content=\"Whyre\" \/>\n<meta property=\"article:modified_time\" content=\"2021-11-15T21:11:06+00:00\" \/>\n<meta property=\"og:image\" content=\"https:\/\/whyre.io\/wp-content\/uploads\/2021\/10\/random-triangles_6.svg\" \/>\n<meta name=\"twitter:card\" content=\"summary_large_image\" \/>\n<script type=\"application\/ld+json\" class=\"yoast-schema-graph\">{\"@context\":\"https:\/\/schema.org\",\"@graph\":[{\"@type\":\"WebPage\",\"@id\":\"https:\/\/whyre.io\/sv\/whyre-ventures\/\",\"url\":\"https:\/\/whyre.io\/sv\/whyre-ventures\/\",\"name\":\"Whyre Ventures | Whyre\",\"isPartOf\":{\"@id\":\"https:\/\/whyre.io\/#website\"},\"datePublished\":\"2021-11-01T06:57:32+00:00\",\"dateModified\":\"2021-11-15T21:11:06+00:00\",\"breadcrumb\":{\"@id\":\"https:\/\/whyre.io\/sv\/whyre-ventures\/#breadcrumb\"},\"inLanguage\":\"sv-SE\",\"potentialAction\":[{\"@type\":\"ReadAction\",\"target\":[\"https:\/\/whyre.io\/sv\/whyre-ventures\/\"]}]},{\"@type\":\"BreadcrumbList\",\"@id\":\"https:\/\/whyre.io\/sv\/whyre-ventures\/#breadcrumb\",\"itemListElement\":[{\"@type\":\"ListItem\",\"position\":1,\"name\":\"Home\",\"item\":\"https:\/\/whyre.io\/sv\/\"},{\"@type\":\"ListItem\",\"position\":2,\"name\":\"Whyre Ventures\"}]},{\"@type\":\"WebSite\",\"@id\":\"https:\/\/whyre.io\/#website\",\"url\":\"https:\/\/whyre.io\/\",\"name\":\"Whyre\",\"description\":\"Driving High-Growth Ventures Forward.\",\"publisher\":{\"@id\":\"https:\/\/whyre.io\/#organization\"},\"potentialAction\":[{\"@type\":\"SearchAction\",\"target\":{\"@type\":\"EntryPoint\",\"urlTemplate\":\"https:\/\/whyre.io\/?s={search_term_string}\"},\"query-input\":\"required name=search_term_string\"}],\"inLanguage\":\"sv-SE\"},{\"@type\":\"Organization\",\"@id\":\"https:\/\/whyre.io\/#organization\",\"name\":\"Whyre: A Global Venture Advisory Network.\",\"url\":\"https:\/\/whyre.io\/\",\"logo\":{\"@type\":\"ImageObject\",\"inLanguage\":\"sv-SE\",\"@id\":\"https:\/\/whyre.io\/#\/schema\/logo\/image\/\",\"url\":\"https:\/\/whyre.io\/wp-content\/uploads\/2021\/10\/Logo_primary_blue.png\",\"contentUrl\":\"https:\/\/whyre.io\/wp-content\/uploads\/2021\/10\/Logo_primary_blue.png\",\"width\":2007,\"height\":366,\"caption\":\"Whyre: A Global Venture Advisory Network.\"},\"image\":{\"@id\":\"https:\/\/whyre.io\/#\/schema\/logo\/image\/\"}}]}<\/script>\n<!-- \/ Yoast SEO plugin. -->","yoast_head_json":{"title":"Whyre Ventures | Whyre","robots":{"index":"index","follow":"follow","max-snippet":"max-snippet:-1","max-image-preview":"max-image-preview:large","max-video-preview":"max-video-preview:-1"},"canonical":"https:\/\/whyre.io\/sv\/whyre-ventures\/","og_locale":"sv_SE","og_type":"article","og_title":"Whyre Ventures | Whyre","og_description":"Whyre Ventures Inkuberar och startar nya projekt, investeringsm\u00f6jliheter och startup kapital. Whyre \u00e4r i kontinuerliga diskussioner med samarbetspartners och investerare f\u00f6r att inkubera och starta en serie av kapitalplaceringar, med en grundtes som fokuserar p\u00e5 genomslag och m\u00f6jligheter inom den kreativa tekniska ekonomin och att f\u00f6rst\u00e5 gr\u00e4nssnittet mellan kreativ-, hybrid- och decentraliseradteknologi. Kontakta oss","og_url":"https:\/\/whyre.io\/sv\/whyre-ventures\/","og_site_name":"Whyre","article_modified_time":"2021-11-15T21:11:06+00:00","og_image":[{"url":"https:\/\/whyre.io\/wp-content\/uploads\/2021\/10\/random-triangles_6.svg"}],"twitter_card":"summary_large_image","schema":{"@context":"https:\/\/schema.org","@graph":[{"@type":"WebPage","@id":"https:\/\/whyre.io\/sv\/whyre-ventures\/","url":"https:\/\/whyre.io\/sv\/whyre-ventures\/","name":"Whyre Ventures | Whyre","isPartOf":{"@id":"https:\/\/whyre.io\/#website"},"datePublished":"2021-11-01T06:57:32+00:00","dateModified":"2021-11-15T21:11:06+00:00","breadcrumb":{"@id":"https:\/\/whyre.io\/sv\/whyre-ventures\/#breadcrumb"},"inLanguage":"sv-SE","potentialAction":[{"@type":"ReadAction","target":["https:\/\/whyre.io\/sv\/whyre-ventures\/"]}]},{"@type":"BreadcrumbList","@id":"https:\/\/whyre.io\/sv\/whyre-ventures\/#breadcrumb","itemListElement":[{"@type":"ListItem","position":1,"name":"Home","item":"https:\/\/whyre.io\/sv\/"},{"@type":"ListItem","position":2,"name":"Whyre Ventures"}]},{"@type":"WebSite","@id":"https:\/\/whyre.io\/#website","url":"https:\/\/whyre.io\/","name":"Whyre","description":"Driving High-Growth Ventures Forward.","publisher":{"@id":"https:\/\/whyre.io\/#organization"},"potentialAction":[{"@type":"SearchAction","target":{"@type":"EntryPoint","urlTemplate":"https:\/\/whyre.io\/?s={search_term_string}"},"query-input":"required name=search_term_string"}],"inLanguage":"sv-SE"},{"@type":"Organization","@id":"https:\/\/whyre.io\/#organization","name":"Whyre: A Global Venture Advisory Network.","url":"https:\/\/whyre.io\/","logo":{"@type":"ImageObject","inLanguage":"sv-SE","@id":"https:\/\/whyre.io\/#\/schema\/logo\/image\/","url":"https:\/\/whyre.io\/wp-content\/uploads\/2021\/10\/Logo_primary_blue.png","contentUrl":"https:\/\/whyre.io\/wp-content\/uploads\/2021\/10\/Logo_primary_blue.png","width":2007,"height":366,"caption":"Whyre: A Global Venture Advisory Network."},"image":{"@id":"https:\/\/whyre.io\/#\/schema\/logo\/image\/"}}]}},"_links":{"self":[{"href":"https:\/\/whyre.io\/sv\/wp-json\/wp\/v2\/pages\/2722"}],"collection":[{"href":"https:\/\/whyre.io\/sv\/wp-json\/wp\/v2\/pages"}],"about":[{"href":"https:\/\/whyre.io\/sv\/wp-json\/wp\/v2\/types\/page"}],"author":[{"embeddable":true,"href":"https:\/\/whyre.io\/sv\/wp-json\/wp\/v2\/users\/3"}],"replies":[{"embeddable":true,"href":"https:\/\/whyre.io\/sv\/wp-json\/wp\/v2\/comments?post=2722"}],"version-history":[{"count":5,"href":"https:\/\/whyre.io\/sv\/wp-json\/wp\/v2\/pages\/2722\/revisions"}],"predecessor-version":[{"id":5234,"href":"https:\/\/whyre.io\/sv\/wp-json\/wp\/v2\/pages\/2722\/revisions\/5234"}],"wp:attachment":[{"href":"https:\/\/whyre.io\/sv\/wp-json\/wp\/v2\/media?parent=2722"}],"curies":[{"name":"wp","href":"https:\/\/api.w.org\/{rel}","templated":true}]}}