{"id":2706,"date":"2021-11-01T08:05:54","date_gmt":"2021-11-01T07:05:54","guid":{"rendered":"https:\/\/whyre.io\/for-investors\/"},"modified":"2021-11-10T16:27:50","modified_gmt":"2021-11-10T15:27:50","slug":"for-investerare","status":"publish","type":"page","link":"https:\/\/whyre.io\/sv\/for-investerare\/","title":{"rendered":"F\u00f6r investerare"},"content":{"rendered":"\t\t<div data-elementor-type=\"wp-page\" data-elementor-id=\"2706\" class=\"elementor elementor-2706 elementor-1052\" data-elementor-post-type=\"page\">\n\t\t\t\t\t\t\t\t\t<section data-particle_enable=\"false\" data-particle-mobile-disabled=\"false\" class=\"elementor-section elementor-top-section elementor-element elementor-element-0573add black elementor-section-height-min-height elementor-section-boxed elementor-section-height-default elementor-section-items-middle\" data-id=\"0573add\" data-element_type=\"section\" data-settings=\"{&quot;background_background&quot;:&quot;classic&quot;,&quot;background_motion_fx_motion_fx_scrolling&quot;:&quot;yes&quot;,&quot;background_motion_fx_scale_effect&quot;:&quot;yes&quot;,&quot;background_motion_fx_scale_speed&quot;:{&quot;unit&quot;:&quot;px&quot;,&quot;size&quot;:6,&quot;sizes&quot;:[]},&quot;background_motion_fx_scale_range&quot;:{&quot;unit&quot;:&quot;%&quot;,&quot;size&quot;:&quot;&quot;,&quot;sizes&quot;:{&quot;start&quot;:19,&quot;end&quot;:54}},&quot;background_motion_fx_devices&quot;:[&quot;desktop&quot;,&quot;tablet&quot;],&quot;background_motion_fx_range&quot;:&quot;viewport&quot;,&quot;shape_divider_bottom&quot;:&quot;pyramids&quot;,&quot;shape_divider_bottom_negative&quot;:&quot;yes&quot;,&quot;background_motion_fx_scale_direction&quot;:&quot;out-in&quot;}\">\n\t\t\t\t\t\t\t<div class=\"elementor-background-overlay\"><\/div>\n\t\t\t\t\t\t<div class=\"elementor-shape elementor-shape-bottom\" data-negative=\"true\">\n\t\t\t<svg xmlns=\"http:\/\/www.w3.org\/2000\/svg\" viewBox=\"0 0 1000 100\" preserveAspectRatio=\"none\">\n\t<path class=\"elementor-shape-fill\" d=\"M761.9,40.6L643.1,24L333.9,93.8L0.1,1H0v99h1000V1\"\/>\n<\/svg>\t\t<\/div>\n\t\t\t\t\t<div class=\"elementor-container elementor-column-gap-default\">\n\t\t\t\t\t<div class=\"elementor-column elementor-col-100 elementor-top-column elementor-element elementor-element-e8ccb81\" data-id=\"e8ccb81\" data-element_type=\"column\">\n\t\t\t<div class=\"elementor-widget-wrap elementor-element-populated\">\n\t\t\t\t\t\t\t\t<div class=\"elementor-element elementor-element-b28ac26 elementor-widget elementor-widget-heading\" data-id=\"b28ac26\" data-element_type=\"widget\" data-widget_type=\"heading.default\">\n\t\t\t\t<div class=\"elementor-widget-container\">\n\t\t\t<style>\/*! elementor - v3.16.0 - 09-10-2023 *\/\n.elementor-heading-title{padding:0;margin:0;line-height:1}.elementor-widget-heading .elementor-heading-title[class*=elementor-size-]>a{color:inherit;font-size:inherit;line-height:inherit}.elementor-widget-heading .elementor-heading-title.elementor-size-small{font-size:15px}.elementor-widget-heading .elementor-heading-title.elementor-size-medium{font-size:19px}.elementor-widget-heading .elementor-heading-title.elementor-size-large{font-size:29px}.elementor-widget-heading .elementor-heading-title.elementor-size-xl{font-size:39px}.elementor-widget-heading .elementor-heading-title.elementor-size-xxl{font-size:59px}<\/style><h2 class=\"elementor-heading-title elementor-size-default\">F\u00f6r investerare<\/h2>\t\t<\/div>\n\t\t\t\t<\/div>\n\t\t\t\t<div class=\"elementor-element elementor-element-b147eff elementor-widget__width-initial elementor-widget elementor-widget-heading\" data-id=\"b147eff\" data-element_type=\"widget\" data-widget_type=\"heading.default\">\n\t\t\t\t<div class=\"elementor-widget-container\">\n\t\t\t<h6 class=\"elementor-heading-title elementor-size-default\">Whyre leder m\u00f6jligheten att utveckla, expandera och engagera en ny generation av grundare och investera som vill f\u00f6r\u00e4ndra framtiden av kreativa teknologier. \n<\/h6>\t\t<\/div>\n\t\t\t\t<\/div>\n\t\t\t\t<div class=\"elementor-element elementor-element-574db59 elementor-widget__width-auto elementor-absolute elementor-widget elementor-widget-image\" data-id=\"574db59\" data-element_type=\"widget\" data-settings=\"{&quot;motion_fx_motion_fx_scrolling&quot;:&quot;yes&quot;,&quot;motion_fx_translateY_effect&quot;:&quot;yes&quot;,&quot;motion_fx_translateY_speed&quot;:{&quot;unit&quot;:&quot;px&quot;,&quot;size&quot;:7.7,&quot;sizes&quot;:[]},&quot;_position&quot;:&quot;absolute&quot;,&quot;motion_fx_translateY_affectedRange&quot;:{&quot;unit&quot;:&quot;%&quot;,&quot;size&quot;:&quot;&quot;,&quot;sizes&quot;:{&quot;start&quot;:14,&quot;end&quot;:100}},&quot;motion_fx_devices&quot;:[&quot;desktop&quot;,&quot;tablet&quot;,&quot;mobile&quot;]}\" data-widget_type=\"image.default\">\n\t\t\t\t<div class=\"elementor-widget-container\">\n\t\t\t<style>\/*! elementor - v3.16.0 - 09-10-2023 *\/\n.elementor-widget-image{text-align:center}.elementor-widget-image a{display:inline-block}.elementor-widget-image a img[src$=\".svg\"]{width:48px}.elementor-widget-image img{vertical-align:middle;display:inline-block}<\/style>\t\t\t\t\t\t\t\t\t\t\t\t<img decoding=\"async\" loading=\"lazy\" width=\"320\" height=\"907\" src=\"https:\/\/whyre.io\/wp-content\/uploads\/2021\/10\/random-triangles_6.svg\" class=\"attachment-large size-large wp-image-2116\" alt=\"\" \/>\t\t\t\t\t\t\t\t\t\t\t\t\t\t\t<\/div>\n\t\t\t\t<\/div>\n\t\t\t\t<div class=\"elementor-element elementor-element-062b6dd elementor-widget__width-auto elementor-absolute elementor-widget elementor-widget-image\" data-id=\"062b6dd\" data-element_type=\"widget\" data-settings=\"{&quot;motion_fx_motion_fx_scrolling&quot;:&quot;yes&quot;,&quot;motion_fx_translateY_effect&quot;:&quot;yes&quot;,&quot;motion_fx_translateY_speed&quot;:{&quot;unit&quot;:&quot;px&quot;,&quot;size&quot;:7.9,&quot;sizes&quot;:[]},&quot;_position&quot;:&quot;absolute&quot;,&quot;motion_fx_translateY_affectedRange&quot;:{&quot;unit&quot;:&quot;%&quot;,&quot;size&quot;:&quot;&quot;,&quot;sizes&quot;:{&quot;start&quot;:0,&quot;end&quot;:100}},&quot;motion_fx_devices&quot;:[&quot;desktop&quot;,&quot;tablet&quot;,&quot;mobile&quot;]}\" data-widget_type=\"image.default\">\n\t\t\t\t<div class=\"elementor-widget-container\">\n\t\t\t\t\t\t\t\t\t\t\t\t\t\t\t<img decoding=\"async\" loading=\"lazy\" width=\"240\" height=\"660\" src=\"https:\/\/whyre.io\/wp-content\/uploads\/2021\/10\/random-triangles_4.svg\" class=\"attachment-large size-large wp-image-2121\" alt=\"\" \/>\t\t\t\t\t\t\t\t\t\t\t\t\t\t\t<\/div>\n\t\t\t\t<\/div>\n\t\t\t\t\t<\/div>\n\t\t<\/div>\n\t\t\t\t\t\t\t<\/div>\n\t\t<\/section>\n\t\t\t\t<section data-particle_enable=\"false\" data-particle-mobile-disabled=\"false\" class=\"elementor-section elementor-top-section elementor-element elementor-element-694996d white elementor-section-full_width elementor-section-height-default elementor-section-height-default\" data-id=\"694996d\" data-element_type=\"section\" data-settings=\"{&quot;background_background&quot;:&quot;classic&quot;,&quot;shape_divider_top&quot;:&quot;triangle&quot;}\">\n\t\t\t\t\t\t\t<div class=\"elementor-background-overlay\"><\/div>\n\t\t\t\t\t\t<div class=\"elementor-shape elementor-shape-top\" data-negative=\"false\">\n\t\t\t<svg xmlns=\"http:\/\/www.w3.org\/2000\/svg\" viewBox=\"0 0 1000 100\" preserveAspectRatio=\"none\">\n\t<path class=\"elementor-shape-fill\" d=\"M500,98.9L0,6.1V0h1000v6.1L500,98.9z\"\/>\n<\/svg>\t\t<\/div>\n\t\t\t\t\t<div class=\"elementor-container elementor-column-gap-default\">\n\t\t\t\t\t<div class=\"elementor-column elementor-col-100 elementor-top-column elementor-element elementor-element-87bbcbc\" data-id=\"87bbcbc\" data-element_type=\"column\">\n\t\t\t<div class=\"elementor-widget-wrap elementor-element-populated\">\n\t\t\t\t\t\t\t\t<section data-particle_enable=\"false\" data-particle-mobile-disabled=\"false\" class=\"elementor-section elementor-inner-section elementor-element elementor-element-47baef5 elementor-section-content-middle elementor-reverse-mobile elementor-section-boxed elementor-section-height-default elementor-section-height-default\" data-id=\"47baef5\" data-element_type=\"section\">\n\t\t\t\t\t\t<div class=\"elementor-container elementor-column-gap-default\">\n\t\t\t\t\t<div class=\"elementor-column elementor-col-50 elementor-inner-column elementor-element elementor-element-e25f484 elementor-invisible\" data-id=\"e25f484\" data-element_type=\"column\" data-settings=\"{&quot;motion_fx_motion_fx_scrolling&quot;:&quot;yes&quot;,&quot;motion_fx_translateX_effect&quot;:&quot;yes&quot;,&quot;motion_fx_devices&quot;:[&quot;desktop&quot;,&quot;tablet&quot;],&quot;motion_fx_range&quot;:&quot;viewport&quot;,&quot;animation&quot;:&quot;fadeInRight&quot;,&quot;animation_mobile&quot;:&quot;none&quot;,&quot;motion_fx_translateX_speed&quot;:{&quot;unit&quot;:&quot;px&quot;,&quot;size&quot;:4,&quot;sizes&quot;:[]},&quot;motion_fx_translateX_affectedRange&quot;:{&quot;unit&quot;:&quot;%&quot;,&quot;size&quot;:&quot;&quot;,&quot;sizes&quot;:{&quot;start&quot;:0,&quot;end&quot;:100}}}\">\n\t\t\t<div class=\"elementor-widget-wrap elementor-element-populated\">\n\t\t\t\t\t\t\t\t<div class=\"elementor-element elementor-element-590efe2 elementor-widget elementor-widget-heading\" data-id=\"590efe2\" data-element_type=\"widget\" data-widget_type=\"heading.default\">\n\t\t\t\t<div class=\"elementor-widget-container\">\n\t\t\t<h2 class=\"elementor-heading-title elementor-size-default\">G\u00e5 med i Whyres n\u00e4tverk<\/h2>\t\t<\/div>\n\t\t\t\t<\/div>\n\t\t\t\t<div class=\"elementor-element elementor-element-339aaef elementor-widget elementor-widget-text-editor\" data-id=\"339aaef\" data-element_type=\"widget\" data-widget_type=\"text-editor.default\">\n\t\t\t\t<div class=\"elementor-widget-container\">\n\t\t\t<style>\/*! elementor - v3.16.0 - 09-10-2023 *\/\n.elementor-widget-text-editor.elementor-drop-cap-view-stacked .elementor-drop-cap{background-color:#69727d;color:#fff}.elementor-widget-text-editor.elementor-drop-cap-view-framed .elementor-drop-cap{color:#69727d;border:3px solid;background-color:transparent}.elementor-widget-text-editor:not(.elementor-drop-cap-view-default) .elementor-drop-cap{margin-top:8px}.elementor-widget-text-editor:not(.elementor-drop-cap-view-default) .elementor-drop-cap-letter{width:1em;height:1em}.elementor-widget-text-editor .elementor-drop-cap{float:left;text-align:center;line-height:1;font-size:50px}.elementor-widget-text-editor .elementor-drop-cap-letter{display:inline-block}<\/style>\t\t\t\t<p>Vare sig du \u00e4r en ung speldesigner i Roblox med dina f\u00f6rsta $10 miljoner, familjef\u00f6rm\u00f6genhetskontor som investerar i metaverse och nya blockchain m\u00f6jligheter, v\u00e5rt globala n\u00e4tverk best\u00e5r av innovat\u00f6rer, entrepren\u00f6rer och pionj\u00e4rer. <\/p>\n<p>Om du vill vara en del av Whyres n\u00e4tverk och f\u00e5 insikter om nya potentiella investeringsm\u00f6jligheter samt m\u00f6jligheter i tekniska startups. Ta kontakt med oss.<\/p>\n<p>V\u00e4nligen ans\u00f6k h\u00e4r och fyll i din investerarprofil \u2013 s\u00e5 kommer vi att f\u00f6rs\u00f6ka koppla dig till relevanta investeringsm\u00f6jligheter f\u00f6r nystartade f\u00f6retag i v\u00e5rt globala n\u00e4tverk.<\/p>\n\t\t\t\t\t\t<\/div>\n\t\t\t\t<\/div>\n\t\t\t\t\t<\/div>\n\t\t<\/div>\n\t\t\t\t<div class=\"elementor-column elementor-col-50 elementor-inner-column elementor-element elementor-element-aec7221 elementor-invisible\" data-id=\"aec7221\" data-element_type=\"column\" data-settings=\"{&quot;motion_fx_motion_fx_scrolling&quot;:&quot;yes&quot;,&quot;motion_fx_translateX_effect&quot;:&quot;yes&quot;,&quot;motion_fx_translateX_direction&quot;:&quot;negative&quot;,&quot;motion_fx_translateX_affectedRange&quot;:{&quot;unit&quot;:&quot;%&quot;,&quot;size&quot;:&quot;&quot;,&quot;sizes&quot;:{&quot;start&quot;:34,&quot;end&quot;:79}},&quot;motion_fx_devices&quot;:[&quot;desktop&quot;,&quot;tablet&quot;],&quot;animation&quot;:&quot;fadeInLeft&quot;,&quot;animation_mobile&quot;:&quot;none&quot;,&quot;motion_fx_translateX_speed&quot;:{&quot;unit&quot;:&quot;px&quot;,&quot;size&quot;:4,&quot;sizes&quot;:[]}}\">\n\t\t\t<div class=\"elementor-widget-wrap elementor-element-populated\">\n\t\t\t\t\t\t\t\t<div class=\"elementor-element elementor-element-84d6dbc elementor-widget elementor-widget-image\" data-id=\"84d6dbc\" data-element_type=\"widget\" data-settings=\"{&quot;motion_fx_motion_fx_scrolling&quot;:&quot;yes&quot;,&quot;motion_fx_opacity_effect&quot;:&quot;yes&quot;,&quot;motion_fx_opacity_range&quot;:{&quot;unit&quot;:&quot;%&quot;,&quot;size&quot;:&quot;&quot;,&quot;sizes&quot;:{&quot;start&quot;:18,&quot;end&quot;:66}},&quot;motion_fx_range&quot;:&quot;viewport&quot;,&quot;motion_fx_devices&quot;:[&quot;desktop&quot;,&quot;tablet&quot;],&quot;motion_fx_opacity_direction&quot;:&quot;out-in&quot;,&quot;motion_fx_opacity_level&quot;:{&quot;unit&quot;:&quot;px&quot;,&quot;size&quot;:10,&quot;sizes&quot;:[]}}\" data-widget_type=\"image.default\">\n\t\t\t\t<div class=\"elementor-widget-container\">\n\t\t\t\t\t\t\t\t\t\t\t\t\t\t\t<img decoding=\"async\" loading=\"lazy\" width=\"800\" height=\"532\" src=\"https:\/\/whyre.io\/wp-content\/uploads\/2021\/10\/round2Artboard-3.svg\" class=\"attachment-large size-large wp-image-2502\" alt=\"\" \/>\t\t\t\t\t\t\t\t\t\t\t\t\t\t\t<\/div>\n\t\t\t\t<\/div>\n\t\t\t\t\t<\/div>\n\t\t<\/div>\n\t\t\t\t\t\t\t<\/div>\n\t\t<\/section>\n\t\t\t\t<div class=\"elementor-element elementor-element-8389ecc elementor-align-center elementor-mobile-align-left elementor-widget elementor-widget-button\" data-id=\"8389ecc\" data-element_type=\"widget\" data-widget_type=\"button.default\">\n\t\t\t\t<div class=\"elementor-widget-container\">\n\t\t\t\t\t<div class=\"elementor-button-wrapper\">\n\t\t\t<a class=\"elementor-button elementor-button-link elementor-size-sm\" href=\"https:\/\/whyre.io\/sv\/kontakta-oss\/\">\n\t\t\t\t\t\t<span class=\"elementor-button-content-wrapper\">\n\t\t\t\t\t\t<span class=\"elementor-button-text\">Ans\u00f6k h\u00e4r<\/span>\n\t\t<\/span>\n\t\t\t\t\t<\/a>\n\t\t<\/div>\n\t\t\t\t<\/div>\n\t\t\t\t<\/div>\n\t\t\t\t\t<\/div>\n\t\t<\/div>\n\t\t\t\t\t\t\t<\/div>\n\t\t<\/section>\n\t\t\t\t\t\t\t<\/div>\n\t\t","protected":false},"excerpt":{"rendered":"<p>F\u00f6r investerare Whyre leder m\u00f6jligheten att utveckla, expandera och engagera en ny generation av grundare och investera som vill f\u00f6r\u00e4ndra framtiden av kreativa teknologier. G\u00e5 med i Whyres n\u00e4tverk Vare sig du \u00e4r en ung speldesigner i Roblox med dina f\u00f6rsta $10 miljoner, familjef\u00f6rm\u00f6genhetskontor som investerar i metaverse och nya blockchain m\u00f6jligheter, v\u00e5rt globala n\u00e4tverk [&hellip;]<\/p>\n","protected":false},"author":3,"featured_media":0,"parent":0,"menu_order":0,"comment_status":"closed","ping_status":"closed","template":"elementor_header_footer","meta":{"footnotes":""},"yoast_head":"<!-- This site is optimized with the Yoast SEO plugin v21.3 - https:\/\/yoast.com\/wordpress\/plugins\/seo\/ -->\n<title>F\u00f6r investerare | Whyre<\/title>\n<meta name=\"robots\" content=\"index, follow, max-snippet:-1, max-image-preview:large, max-video-preview:-1\" \/>\n<link rel=\"canonical\" href=\"https:\/\/whyre.io\/sv\/for-investerare\/\" \/>\n<meta property=\"og:locale\" content=\"sv_SE\" \/>\n<meta property=\"og:type\" content=\"article\" \/>\n<meta property=\"og:title\" content=\"F\u00f6r investerare | Whyre\" \/>\n<meta property=\"og:description\" content=\"F\u00f6r investerare Whyre leder m\u00f6jligheten att utveckla, expandera och engagera en ny generation av grundare och investera som vill f\u00f6r\u00e4ndra framtiden av kreativa teknologier. G\u00e5 med i Whyres n\u00e4tverk Vare sig du \u00e4r en ung speldesigner i Roblox med dina f\u00f6rsta $10 miljoner, familjef\u00f6rm\u00f6genhetskontor som investerar i metaverse och nya blockchain m\u00f6jligheter, v\u00e5rt globala n\u00e4tverk [&hellip;]\" \/>\n<meta property=\"og:url\" content=\"https:\/\/whyre.io\/sv\/for-investerare\/\" \/>\n<meta property=\"og:site_name\" content=\"Whyre\" \/>\n<meta property=\"article:modified_time\" content=\"2021-11-10T15:27:50+00:00\" \/>\n<meta property=\"og:image\" content=\"https:\/\/whyre.io\/wp-content\/uploads\/2021\/10\/random-triangles_6.svg\" \/>\n<meta name=\"twitter:card\" content=\"summary_large_image\" \/>\n<meta name=\"twitter:label1\" content=\"Ber\u00e4knad l\u00e4stid\" \/>\n\t<meta name=\"twitter:data1\" content=\"1 minut\" \/>\n<script type=\"application\/ld+json\" class=\"yoast-schema-graph\">{\"@context\":\"https:\/\/schema.org\",\"@graph\":[{\"@type\":\"WebPage\",\"@id\":\"https:\/\/whyre.io\/sv\/for-investerare\/\",\"url\":\"https:\/\/whyre.io\/sv\/for-investerare\/\",\"name\":\"F\u00f6r investerare | Whyre\",\"isPartOf\":{\"@id\":\"https:\/\/whyre.io\/#website\"},\"datePublished\":\"2021-11-01T07:05:54+00:00\",\"dateModified\":\"2021-11-10T15:27:50+00:00\",\"breadcrumb\":{\"@id\":\"https:\/\/whyre.io\/sv\/for-investerare\/#breadcrumb\"},\"inLanguage\":\"sv-SE\",\"potentialAction\":[{\"@type\":\"ReadAction\",\"target\":[\"https:\/\/whyre.io\/sv\/for-investerare\/\"]}]},{\"@type\":\"BreadcrumbList\",\"@id\":\"https:\/\/whyre.io\/sv\/for-investerare\/#breadcrumb\",\"itemListElement\":[{\"@type\":\"ListItem\",\"position\":1,\"name\":\"Home\",\"item\":\"https:\/\/whyre.io\/sv\/\"},{\"@type\":\"ListItem\",\"position\":2,\"name\":\"F\u00f6r investerare\"}]},{\"@type\":\"WebSite\",\"@id\":\"https:\/\/whyre.io\/#website\",\"url\":\"https:\/\/whyre.io\/\",\"name\":\"Whyre\",\"description\":\"Driving High-Growth Ventures Forward.\",\"publisher\":{\"@id\":\"https:\/\/whyre.io\/#organization\"},\"potentialAction\":[{\"@type\":\"SearchAction\",\"target\":{\"@type\":\"EntryPoint\",\"urlTemplate\":\"https:\/\/whyre.io\/?s={search_term_string}\"},\"query-input\":\"required name=search_term_string\"}],\"inLanguage\":\"sv-SE\"},{\"@type\":\"Organization\",\"@id\":\"https:\/\/whyre.io\/#organization\",\"name\":\"Whyre: A Global Venture Advisory Network.\",\"url\":\"https:\/\/whyre.io\/\",\"logo\":{\"@type\":\"ImageObject\",\"inLanguage\":\"sv-SE\",\"@id\":\"https:\/\/whyre.io\/#\/schema\/logo\/image\/\",\"url\":\"https:\/\/whyre.io\/wp-content\/uploads\/2021\/10\/Logo_primary_blue.png\",\"contentUrl\":\"https:\/\/whyre.io\/wp-content\/uploads\/2021\/10\/Logo_primary_blue.png\",\"width\":2007,\"height\":366,\"caption\":\"Whyre: A Global Venture Advisory Network.\"},\"image\":{\"@id\":\"https:\/\/whyre.io\/#\/schema\/logo\/image\/\"}}]}<\/script>\n<!-- \/ Yoast SEO plugin. -->","yoast_head_json":{"title":"F\u00f6r investerare | Whyre","robots":{"index":"index","follow":"follow","max-snippet":"max-snippet:-1","max-image-preview":"max-image-preview:large","max-video-preview":"max-video-preview:-1"},"canonical":"https:\/\/whyre.io\/sv\/for-investerare\/","og_locale":"sv_SE","og_type":"article","og_title":"F\u00f6r investerare | Whyre","og_description":"F\u00f6r investerare Whyre leder m\u00f6jligheten att utveckla, expandera och engagera en ny generation av grundare och investera som vill f\u00f6r\u00e4ndra framtiden av kreativa teknologier. G\u00e5 med i Whyres n\u00e4tverk Vare sig du \u00e4r en ung speldesigner i Roblox med dina f\u00f6rsta $10 miljoner, familjef\u00f6rm\u00f6genhetskontor som investerar i metaverse och nya blockchain m\u00f6jligheter, v\u00e5rt globala n\u00e4tverk [&hellip;]","og_url":"https:\/\/whyre.io\/sv\/for-investerare\/","og_site_name":"Whyre","article_modified_time":"2021-11-10T15:27:50+00:00","og_image":[{"url":"https:\/\/whyre.io\/wp-content\/uploads\/2021\/10\/random-triangles_6.svg"}],"twitter_card":"summary_large_image","twitter_misc":{"Ber\u00e4knad l\u00e4stid":"1 minut"},"schema":{"@context":"https:\/\/schema.org","@graph":[{"@type":"WebPage","@id":"https:\/\/whyre.io\/sv\/for-investerare\/","url":"https:\/\/whyre.io\/sv\/for-investerare\/","name":"F\u00f6r investerare | Whyre","isPartOf":{"@id":"https:\/\/whyre.io\/#website"},"datePublished":"2021-11-01T07:05:54+00:00","dateModified":"2021-11-10T15:27:50+00:00","breadcrumb":{"@id":"https:\/\/whyre.io\/sv\/for-investerare\/#breadcrumb"},"inLanguage":"sv-SE","potentialAction":[{"@type":"ReadAction","target":["https:\/\/whyre.io\/sv\/for-investerare\/"]}]},{"@type":"BreadcrumbList","@id":"https:\/\/whyre.io\/sv\/for-investerare\/#breadcrumb","itemListElement":[{"@type":"ListItem","position":1,"name":"Home","item":"https:\/\/whyre.io\/sv\/"},{"@type":"ListItem","position":2,"name":"F\u00f6r investerare"}]},{"@type":"WebSite","@id":"https:\/\/whyre.io\/#website","url":"https:\/\/whyre.io\/","name":"Whyre","description":"Driving High-Growth Ventures Forward.","publisher":{"@id":"https:\/\/whyre.io\/#organization"},"potentialAction":[{"@type":"SearchAction","target":{"@type":"EntryPoint","urlTemplate":"https:\/\/whyre.io\/?s={search_term_string}"},"query-input":"required name=search_term_string"}],"inLanguage":"sv-SE"},{"@type":"Organization","@id":"https:\/\/whyre.io\/#organization","name":"Whyre: A Global Venture Advisory Network.","url":"https:\/\/whyre.io\/","logo":{"@type":"ImageObject","inLanguage":"sv-SE","@id":"https:\/\/whyre.io\/#\/schema\/logo\/image\/","url":"https:\/\/whyre.io\/wp-content\/uploads\/2021\/10\/Logo_primary_blue.png","contentUrl":"https:\/\/whyre.io\/wp-content\/uploads\/2021\/10\/Logo_primary_blue.png","width":2007,"height":366,"caption":"Whyre: A Global Venture Advisory Network."},"image":{"@id":"https:\/\/whyre.io\/#\/schema\/logo\/image\/"}}]}},"_links":{"self":[{"href":"https:\/\/whyre.io\/sv\/wp-json\/wp\/v2\/pages\/2706"}],"collection":[{"href":"https:\/\/whyre.io\/sv\/wp-json\/wp\/v2\/pages"}],"about":[{"href":"https:\/\/whyre.io\/sv\/wp-json\/wp\/v2\/types\/page"}],"author":[{"embeddable":true,"href":"https:\/\/whyre.io\/sv\/wp-json\/wp\/v2\/users\/3"}],"replies":[{"embeddable":true,"href":"https:\/\/whyre.io\/sv\/wp-json\/wp\/v2\/comments?post=2706"}],"version-history":[{"count":4,"href":"https:\/\/whyre.io\/sv\/wp-json\/wp\/v2\/pages\/2706\/revisions"}],"predecessor-version":[{"id":5309,"href":"https:\/\/whyre.io\/sv\/wp-json\/wp\/v2\/pages\/2706\/revisions\/5309"}],"wp:attachment":[{"href":"https:\/\/whyre.io\/sv\/wp-json\/wp\/v2\/media?parent=2706"}],"curies":[{"name":"wp","href":"https:\/\/api.w.org\/{rel}","templated":true}]}}