{"id":2901,"date":"2021-11-01T07:56:20","date_gmt":"2021-11-01T06:56:20","guid":{"rendered":"https:\/\/whyre.io\/insights-research\/"},"modified":"2021-11-10T10:20:44","modified_gmt":"2021-11-10T09:20:44","slug":"informations-et-recherche","status":"publish","type":"page","link":"https:\/\/whyre.io\/fr\/informations-et-recherche\/","title":{"rendered":"Informations et recherche"},"content":{"rendered":"\t\t<div data-elementor-type=\"wp-page\" data-elementor-id=\"2901\" class=\"elementor elementor-2901 elementor-1259\" data-elementor-post-type=\"page\">\n\t\t\t\t\t\t\t\t\t<section data-particle_enable=\"false\" data-particle-mobile-disabled=\"false\" class=\"elementor-section elementor-top-section elementor-element elementor-element-0573add black elementor-section-height-min-height elementor-section-boxed elementor-section-height-default elementor-section-items-middle\" data-id=\"0573add\" data-element_type=\"section\" data-settings=\"{&quot;background_background&quot;:&quot;classic&quot;,&quot;background_motion_fx_motion_fx_scrolling&quot;:&quot;yes&quot;,&quot;background_motion_fx_scale_effect&quot;:&quot;yes&quot;,&quot;background_motion_fx_scale_speed&quot;:{&quot;unit&quot;:&quot;px&quot;,&quot;size&quot;:6,&quot;sizes&quot;:[]},&quot;background_motion_fx_scale_range&quot;:{&quot;unit&quot;:&quot;%&quot;,&quot;size&quot;:&quot;&quot;,&quot;sizes&quot;:{&quot;start&quot;:19,&quot;end&quot;:54}},&quot;background_motion_fx_devices&quot;:[&quot;desktop&quot;,&quot;tablet&quot;],&quot;background_motion_fx_range&quot;:&quot;viewport&quot;,&quot;shape_divider_bottom&quot;:&quot;pyramids&quot;,&quot;shape_divider_bottom_negative&quot;:&quot;yes&quot;,&quot;background_motion_fx_scale_direction&quot;:&quot;out-in&quot;}\">\n\t\t\t\t\t\t\t<div class=\"elementor-background-overlay\"><\/div>\n\t\t\t\t\t\t<div class=\"elementor-shape elementor-shape-bottom\" data-negative=\"true\">\n\t\t\t<svg xmlns=\"http:\/\/www.w3.org\/2000\/svg\" viewBox=\"0 0 1000 100\" preserveAspectRatio=\"none\">\n\t<path class=\"elementor-shape-fill\" d=\"M761.9,40.6L643.1,24L333.9,93.8L0.1,1H0v99h1000V1\"\/>\n<\/svg>\t\t<\/div>\n\t\t\t\t\t<div class=\"elementor-container elementor-column-gap-default\">\n\t\t\t\t\t<div class=\"elementor-column elementor-col-100 elementor-top-column elementor-element elementor-element-e8ccb81\" data-id=\"e8ccb81\" data-element_type=\"column\">\n\t\t\t<div class=\"elementor-widget-wrap elementor-element-populated\">\n\t\t\t\t\t\t\t\t<div class=\"elementor-element elementor-element-b28ac26 elementor-widget elementor-widget-heading\" data-id=\"b28ac26\" data-element_type=\"widget\" data-widget_type=\"heading.default\">\n\t\t\t\t<div class=\"elementor-widget-container\">\n\t\t\t<style>\/*! elementor - v3.16.0 - 09-10-2023 *\/\n.elementor-heading-title{padding:0;margin:0;line-height:1}.elementor-widget-heading .elementor-heading-title[class*=elementor-size-]>a{color:inherit;font-size:inherit;line-height:inherit}.elementor-widget-heading .elementor-heading-title.elementor-size-small{font-size:15px}.elementor-widget-heading .elementor-heading-title.elementor-size-medium{font-size:19px}.elementor-widget-heading .elementor-heading-title.elementor-size-large{font-size:29px}.elementor-widget-heading .elementor-heading-title.elementor-size-xl{font-size:39px}.elementor-widget-heading .elementor-heading-title.elementor-size-xxl{font-size:59px}<\/style><h2 class=\"elementor-heading-title elementor-size-default\">Informations et recherche<\/h2>\t\t<\/div>\n\t\t\t\t<\/div>\n\t\t\t\t<div class=\"elementor-element elementor-element-574db59 elementor-widget__width-auto elementor-absolute elementor-widget elementor-widget-image\" data-id=\"574db59\" data-element_type=\"widget\" data-settings=\"{&quot;motion_fx_motion_fx_scrolling&quot;:&quot;yes&quot;,&quot;motion_fx_translateY_effect&quot;:&quot;yes&quot;,&quot;motion_fx_translateY_speed&quot;:{&quot;unit&quot;:&quot;px&quot;,&quot;size&quot;:7.7,&quot;sizes&quot;:[]},&quot;_position&quot;:&quot;absolute&quot;,&quot;motion_fx_translateY_affectedRange&quot;:{&quot;unit&quot;:&quot;%&quot;,&quot;size&quot;:&quot;&quot;,&quot;sizes&quot;:{&quot;start&quot;:14,&quot;end&quot;:100}},&quot;motion_fx_devices&quot;:[&quot;desktop&quot;,&quot;tablet&quot;,&quot;mobile&quot;]}\" data-widget_type=\"image.default\">\n\t\t\t\t<div class=\"elementor-widget-container\">\n\t\t\t<style>\/*! elementor - v3.16.0 - 09-10-2023 *\/\n.elementor-widget-image{text-align:center}.elementor-widget-image a{display:inline-block}.elementor-widget-image a img[src$=\".svg\"]{width:48px}.elementor-widget-image img{vertical-align:middle;display:inline-block}<\/style>\t\t\t\t\t\t\t\t\t\t\t\t<img decoding=\"async\" loading=\"lazy\" width=\"320\" height=\"907\" src=\"https:\/\/whyre.io\/wp-content\/uploads\/2021\/10\/random-triangles_6.svg\" class=\"attachment-large size-large wp-image-2113\" alt=\"\" \/>\t\t\t\t\t\t\t\t\t\t\t\t\t\t\t<\/div>\n\t\t\t\t<\/div>\n\t\t\t\t<div class=\"elementor-element elementor-element-062b6dd elementor-widget__width-auto elementor-absolute elementor-widget-mobile__width-initial elementor-widget elementor-widget-image\" data-id=\"062b6dd\" data-element_type=\"widget\" data-settings=\"{&quot;motion_fx_motion_fx_scrolling&quot;:&quot;yes&quot;,&quot;motion_fx_translateY_effect&quot;:&quot;yes&quot;,&quot;motion_fx_translateY_speed&quot;:{&quot;unit&quot;:&quot;px&quot;,&quot;size&quot;:7.9,&quot;sizes&quot;:[]},&quot;_position&quot;:&quot;absolute&quot;,&quot;motion_fx_translateY_affectedRange&quot;:{&quot;unit&quot;:&quot;%&quot;,&quot;size&quot;:&quot;&quot;,&quot;sizes&quot;:{&quot;start&quot;:0,&quot;end&quot;:100}},&quot;motion_fx_devices&quot;:[&quot;desktop&quot;,&quot;tablet&quot;,&quot;mobile&quot;]}\" data-widget_type=\"image.default\">\n\t\t\t\t<div class=\"elementor-widget-container\">\n\t\t\t\t\t\t\t\t\t\t\t\t\t\t\t<img decoding=\"async\" loading=\"lazy\" width=\"240\" height=\"660\" src=\"https:\/\/whyre.io\/wp-content\/uploads\/2021\/10\/random-triangles_4.svg\" class=\"attachment-large size-large wp-image-2118\" alt=\"\" \/>\t\t\t\t\t\t\t\t\t\t\t\t\t\t\t<\/div>\n\t\t\t\t<\/div>\n\t\t\t\t<div class=\"elementor-element elementor-element-2561d2b elementor-widget__width-initial elementor-widget elementor-widget-heading\" data-id=\"2561d2b\" data-element_type=\"widget\" data-widget_type=\"heading.default\">\n\t\t\t\t<div class=\"elementor-widget-container\">\n\t\t\t<h6 class=\"elementor-heading-title elementor-size-default\">Derniers \u00e9v\u00e9nements, \u00e9tudes et ressources de l\u2019\u00e9quipe et du r\u00e9seau Whyre.<\/h6>\t\t<\/div>\n\t\t\t\t<\/div>\n\t\t\t\t\t<\/div>\n\t\t<\/div>\n\t\t\t\t\t\t\t<\/div>\n\t\t<\/section>\n\t\t\t\t<section data-particle_enable=\"false\" data-particle-mobile-disabled=\"false\" class=\"elementor-section elementor-top-section elementor-element elementor-element-694996d white elementor-section-stretched elementor-section-boxed elementor-section-height-default elementor-section-height-default\" data-id=\"694996d\" data-element_type=\"section\" data-settings=\"{&quot;stretch_section&quot;:&quot;section-stretched&quot;}\">\n\t\t\t\t\t\t<div class=\"elementor-container elementor-column-gap-default\">\n\t\t\t\t\t<div class=\"elementor-column elementor-col-100 elementor-top-column elementor-element elementor-element-87bbcbc\" data-id=\"87bbcbc\" data-element_type=\"column\">\n\t\t\t<div class=\"elementor-widget-wrap elementor-element-populated\">\n\t\t\t\t\t\t\t\t<div class=\"elementor-element elementor-element-49a8bd2 uael-equal__height-yes uael-posts-thumbnail-ratio elementor-widget elementor-widget-uael-posts\" data-id=\"49a8bd2\" data-element_type=\"widget\" data-settings=\"{&quot;classic_slides_to_show&quot;:3,&quot;classic_slides_to_show_tablet&quot;:2,&quot;classic_slides_to_show_mobile&quot;:1,&quot;classic_show_filters&quot;:&quot;no&quot;}\" data-widget_type=\"uael-posts.classic\">\n\t\t\t\t<div class=\"elementor-widget-container\">\n\t\t\t\t\t<div class=\"uael-post__header\">\n\t\t\t\t\t<\/div>\n\t\t<div class=\"uael-post__body\">\n\t\t\t\n\t\t\n\t\t<div class=\"uael-blog-terms-position- uael-post-image-top uael-post-grid uael-posts\" data-query-type=\"custom\" data-structure=\"normal\" data-layout=\"\" data-page=\"2901\" data-skin=\"classic\" data-filter-default=\"\" data-offset-top=\"30\" >\n\n\t\t\t\t\t\t\t<div class=\"uael-post-grid__inner uael-post__columns-3 uael-post__columns-tablet-2 uael-post__columns-mobile-1\">\n\t\t\t\n<div class=\"uael-post-wrapper   non-classifi\u00e9(e) \">\n\t<div class=\"uael-post__bg-wrap\">\n\n\t\t\t\t\n\t\t<div class=\"uael-post__inner-wrap\">\n\n\t\t\t\t<div class=\"uael-post__thumbnail\">\n\t\t\t\n\t\t\t<a href=\"https:\/\/whyre.io\/fr\/whyre-is-growing-and-hiring-a-global-executive-advisory-network-join-us\/\" target=\"_self\" title=\"Whyre s\u2019agrandit et recherche des professionnels pour venir compl\u00e9ter son r\u00e9seau consultatif mondial. Rejoignez-nous\u00a0!\"><img decoding=\"async\" loading=\"lazy\" width=\"800\" height=\"536\" src=\"https:\/\/whyre.io\/wp-content\/uploads\/2021\/09\/join-the-team-1024x686.jpg\" class=\"attachment-large size-large wp-image-2553\" alt=\"\" srcset=\"https:\/\/whyre.io\/wp-content\/uploads\/2021\/09\/join-the-team-1024x686.jpg 1024w, https:\/\/whyre.io\/wp-content\/uploads\/2021\/09\/join-the-team-300x201.jpg 300w, https:\/\/whyre.io\/wp-content\/uploads\/2021\/09\/join-the-team-768x514.jpg 768w, https:\/\/whyre.io\/wp-content\/uploads\/2021\/09\/join-the-team-1536x1029.jpg 1536w, https:\/\/whyre.io\/wp-content\/uploads\/2021\/09\/join-the-team-2048x1372.jpg 2048w\" sizes=\"(max-width: 800px) 100vw, 800px\" \/><\/a>\n\t\t\t\t\t<\/div>\n\t\t\n\t\t\t\n\t\t\t<div class=\"uael-post__content-wrap\">\n\t\t\t\t\t<h3 class=\"uael-post__title\">\n\n\t\t\n\t\t\t\t\t\t<a href=\"https:\/\/whyre.io\/fr\/whyre-is-growing-and-hiring-a-global-executive-advisory-network-join-us\/\" target=\"_self\">\n\t\t\t\tWhyre s\u2019agrandit et recherche des professionnels pour venir compl\u00e9ter son r\u00e9seau consultatif mondial. Rejoignez-nous\u00a0!\t\t\t<\/a>\n\n\t\t\t\t<\/h3>\n\t\t\t\t\t<a class=\"uael-post__read-more elementor-button\" href=\"https:\/\/whyre.io\/fr\/whyre-is-growing-and-hiring-a-global-executive-advisory-network-join-us\/\" target=\"_self\" aria-labelledby=\"uael-post-3079\">\n\t\t\t\t\t<span class=\"elementor-button-content-wrapper\">\n\t\t\t\t\t\t\t\t\t\t\t\t\t\t<span class=\"elementor-button-icon elementor-align-icon-left\">\n\n\t\t\t\t\t\t\t\t\t<svg xmlns=\"http:\/\/www.w3.org\/2000\/svg\" width=\"83\" height=\"83\" viewBox=\"0 0 83 83\" fill=\"none\"><mask id=\"mask0_3:3\" style=\"mask-type:alpha\" maskUnits=\"userSpaceOnUse\" x=\"0\" y=\"0\" width=\"83\" height=\"83\"><rect width=\"83\" height=\"83\" fill=\"#C4C4C4\"><\/rect><\/mask><g mask=\"url(#mask0_3:3)\"><mask id=\"mask1_3:3\" style=\"mask-type:alpha\" maskUnits=\"userSpaceOnUse\" x=\"22\" y=\"27\" width=\"44\" height=\"28\"><rect x=\"22\" y=\"55\" width=\"28\" height=\"43.0244\" transform=\"rotate(-90 22 55)\" fill=\"#C4C4C4\"><\/rect><\/mask><g mask=\"url(#mask1_3:3)\"><path d=\"M64.3415 41L22.8537 54.3072L22.8537 27.6928L64.3415 41Z\" fill=\"black\"><\/path><\/g><\/g><\/svg>\n\t\t\t\t\t\t\t\t<\/span>\n\t\t\t\t\t\t\t\t\t\t\t\t\t\n\t\t\t\t\t\t<span class=\"elementor-button-text\" id=uael-post-3079><\/span>\n\t\t\t\t\t<\/span>\n\t\t\t\t<\/a>\n\t\t\t\t\t\t<\/div>\n\t\t\t\n\t\t<\/div>\n\t\t\n\t<\/div>\n\n<\/div>\n\n<div class=\"uael-post-wrapper   non-classifi\u00e9(e) \">\n\t<div class=\"uael-post__bg-wrap\">\n\n\t\t\t\t\n\t\t<div class=\"uael-post__inner-wrap\">\n\n\t\t\t\t<div class=\"uael-post__thumbnail\">\n\t\t\t\n\t\t\t<a href=\"https:\/\/whyre.io\/fr\/featured-at-malmo-music-conference-2021-on-the-panel-your-music-your-business\/\" target=\"_self\" title=\"Invit\u00e9 \u00e0 la Malm\u00f6 Music Conference\u00a02021 en qualit\u00e9 d\u2019intervenant lors de la table ronde \u00ab\u00a0Your Music &#8211; Your Business\u00a0\u00bb [Votre musique, votre entreprise].\"><img decoding=\"async\" loading=\"lazy\" width=\"800\" height=\"534\" src=\"https:\/\/whyre.io\/wp-content\/uploads\/2021\/09\/malmo-music-conference-1024x684.jpg\" class=\"attachment-large size-large wp-image-2565\" alt=\"Test English\" srcset=\"https:\/\/whyre.io\/wp-content\/uploads\/2021\/09\/malmo-music-conference-1024x684.jpg 1024w, https:\/\/whyre.io\/wp-content\/uploads\/2021\/09\/malmo-music-conference-300x200.jpg 300w, https:\/\/whyre.io\/wp-content\/uploads\/2021\/09\/malmo-music-conference-768x513.jpg 768w, https:\/\/whyre.io\/wp-content\/uploads\/2021\/09\/malmo-music-conference-1536x1025.jpg 1536w, https:\/\/whyre.io\/wp-content\/uploads\/2021\/09\/malmo-music-conference-2048x1367.jpg 2048w\" sizes=\"(max-width: 800px) 100vw, 800px\" \/><\/a>\n\t\t\t\t\t<\/div>\n\t\t\n\t\t\t\n\t\t\t<div class=\"uael-post__content-wrap\">\n\t\t\t\t\t<h3 class=\"uael-post__title\">\n\n\t\t\n\t\t\t\t\t\t<a href=\"https:\/\/whyre.io\/fr\/featured-at-malmo-music-conference-2021-on-the-panel-your-music-your-business\/\" target=\"_self\">\n\t\t\t\tInvit\u00e9 \u00e0 la Malm\u00f6 Music Conference\u00a02021 en qualit\u00e9 d\u2019intervenant lors de la table ronde \u00ab\u00a0Your Music &#8211; Your Business\u00a0\u00bb [Votre musique, votre entreprise].\t\t\t<\/a>\n\n\t\t\t\t<\/h3>\n\t\t\t\t\t<a class=\"uael-post__read-more elementor-button\" href=\"https:\/\/whyre.io\/fr\/featured-at-malmo-music-conference-2021-on-the-panel-your-music-your-business\/\" target=\"_self\" aria-labelledby=\"uael-post-3095\">\n\t\t\t\t\t<span class=\"elementor-button-content-wrapper\">\n\t\t\t\t\t\t\t\t\t\t\t\t\t\t<span class=\"elementor-button-icon elementor-align-icon-left\">\n\n\t\t\t\t\t\t\t\t\t<svg xmlns=\"http:\/\/www.w3.org\/2000\/svg\" width=\"83\" height=\"83\" viewBox=\"0 0 83 83\" fill=\"none\"><mask id=\"mask0_3:3\" style=\"mask-type:alpha\" maskUnits=\"userSpaceOnUse\" x=\"0\" y=\"0\" width=\"83\" height=\"83\"><rect width=\"83\" height=\"83\" fill=\"#C4C4C4\"><\/rect><\/mask><g mask=\"url(#mask0_3:3)\"><mask id=\"mask1_3:3\" style=\"mask-type:alpha\" maskUnits=\"userSpaceOnUse\" x=\"22\" y=\"27\" width=\"44\" height=\"28\"><rect x=\"22\" y=\"55\" width=\"28\" height=\"43.0244\" transform=\"rotate(-90 22 55)\" fill=\"#C4C4C4\"><\/rect><\/mask><g mask=\"url(#mask1_3:3)\"><path d=\"M64.3415 41L22.8537 54.3072L22.8537 27.6928L64.3415 41Z\" fill=\"black\"><\/path><\/g><\/g><\/svg>\n\t\t\t\t\t\t\t\t<\/span>\n\t\t\t\t\t\t\t\t\t\t\t\t\t\n\t\t\t\t\t\t<span class=\"elementor-button-text\" id=uael-post-3095><\/span>\n\t\t\t\t\t<\/span>\n\t\t\t\t<\/a>\n\t\t\t\t\t\t<\/div>\n\t\t\t\n\t\t<\/div>\n\t\t\n\t<\/div>\n\n<\/div>\n\n<div class=\"uael-post-wrapper   uncategorized \">\n\t<div class=\"uael-post__bg-wrap\">\n\n\t\t\t\t\n\t\t<div class=\"uael-post__inner-wrap\">\n\n\t\t\t\t<div class=\"uael-post__thumbnail\">\n\t\t\t\n\t\t\t<a href=\"https:\/\/whyre.io\/fr\/invited-to-deliver-a-talk-at-techbbq-on-disruption-in-the-creative-technology-economy\/\" target=\"_self\" title=\"Invit\u00e9 au TechBBQ pour donner une conf\u00e9rence sur le th\u00e8me \u00ab\u00a0Disruption in The Creative Technology Economy\u00a0\u00bb [La disruption dans l\u2019\u00e9conomie des technologies cr\u00e9atives].\"><img decoding=\"async\" loading=\"lazy\" width=\"800\" height=\"467\" src=\"https:\/\/whyre.io\/wp-content\/uploads\/2021\/09\/techbbq-1024x598.jpg\" class=\"attachment-large size-large wp-image-2559\" alt=\"\" srcset=\"https:\/\/whyre.io\/wp-content\/uploads\/2021\/09\/techbbq-1024x598.jpg 1024w, https:\/\/whyre.io\/wp-content\/uploads\/2021\/09\/techbbq-300x175.jpg 300w, https:\/\/whyre.io\/wp-content\/uploads\/2021\/09\/techbbq-768x449.jpg 768w, https:\/\/whyre.io\/wp-content\/uploads\/2021\/09\/techbbq-1536x898.jpg 1536w, https:\/\/whyre.io\/wp-content\/uploads\/2021\/09\/techbbq-2048x1197.jpg 2048w\" sizes=\"(max-width: 800px) 100vw, 800px\" \/><\/a>\n\t\t\t\t\t<\/div>\n\t\t\n\t\t\t\n\t\t\t<div class=\"uael-post__content-wrap\">\n\t\t\t\t\t<h3 class=\"uael-post__title\">\n\n\t\t\n\t\t\t\t\t\t<a href=\"https:\/\/whyre.io\/fr\/invited-to-deliver-a-talk-at-techbbq-on-disruption-in-the-creative-technology-economy\/\" target=\"_self\">\n\t\t\t\tInvit\u00e9 au TechBBQ pour donner une conf\u00e9rence sur le th\u00e8me \u00ab\u00a0Disruption in The Creative Technology Economy\u00a0\u00bb [La disruption dans l\u2019\u00e9conomie des technologies cr\u00e9atives].\t\t\t<\/a>\n\n\t\t\t\t<\/h3>\n\t\t\t\t\t<a class=\"uael-post__read-more elementor-button\" href=\"https:\/\/whyre.io\/fr\/invited-to-deliver-a-talk-at-techbbq-on-disruption-in-the-creative-technology-economy\/\" target=\"_self\" aria-labelledby=\"uael-post-3097\">\n\t\t\t\t\t<span class=\"elementor-button-content-wrapper\">\n\t\t\t\t\t\t\t\t\t\t\t\t\t\t<span class=\"elementor-button-icon elementor-align-icon-left\">\n\n\t\t\t\t\t\t\t\t\t<svg xmlns=\"http:\/\/www.w3.org\/2000\/svg\" width=\"83\" height=\"83\" viewBox=\"0 0 83 83\" fill=\"none\"><mask id=\"mask0_3:3\" style=\"mask-type:alpha\" maskUnits=\"userSpaceOnUse\" x=\"0\" y=\"0\" width=\"83\" height=\"83\"><rect width=\"83\" height=\"83\" fill=\"#C4C4C4\"><\/rect><\/mask><g mask=\"url(#mask0_3:3)\"><mask id=\"mask1_3:3\" style=\"mask-type:alpha\" maskUnits=\"userSpaceOnUse\" x=\"22\" y=\"27\" width=\"44\" height=\"28\"><rect x=\"22\" y=\"55\" width=\"28\" height=\"43.0244\" transform=\"rotate(-90 22 55)\" fill=\"#C4C4C4\"><\/rect><\/mask><g mask=\"url(#mask1_3:3)\"><path d=\"M64.3415 41L22.8537 54.3072L22.8537 27.6928L64.3415 41Z\" fill=\"black\"><\/path><\/g><\/g><\/svg>\n\t\t\t\t\t\t\t\t<\/span>\n\t\t\t\t\t\t\t\t\t\t\t\t\t\n\t\t\t\t\t\t<span class=\"elementor-button-text\" id=uael-post-3097><\/span>\n\t\t\t\t\t<\/span>\n\t\t\t\t<\/a>\n\t\t\t\t\t\t<\/div>\n\t\t\t\n\t\t<\/div>\n\t\t\n\t<\/div>\n\n<\/div>\n\t\t\t\t<\/div>\n\t\t\t\t\t\t\n\t\t<\/div>\n\n\t\t\t\t\t\t<\/div>\n\t\t<div class=\"uael-post__footer\">\n\t\t\t\t\t<\/div>\n\t\t\t\t<\/div>\n\t\t\t\t<\/div>\n\t\t\t\t\t<\/div>\n\t\t<\/div>\n\t\t\t\t\t\t\t<\/div>\n\t\t<\/section>\n\t\t\t\t\t\t\t<\/div>\n\t\t","protected":false},"excerpt":{"rendered":"<p>Informations et recherche Derniers \u00e9v\u00e9nements, \u00e9tudes et ressources de l\u2019\u00e9quipe et du r\u00e9seau Whyre. Whyre is growing and hiring a global executive advisory network. Join us! Featured at Malmo Music Conference 2021, on the panel \u2018Your Music &#8211; Your Business\u2019. Invited to deliver a talk at TechBBQ on \u2018Disruption in The Creative Technology Economy\u2019.<\/p>\n","protected":false},"author":3,"featured_media":0,"parent":0,"menu_order":0,"comment_status":"closed","ping_status":"closed","template":"elementor_header_footer","meta":{"footnotes":""},"yoast_head":"<!-- This site is optimized with the Yoast SEO plugin v21.3 - https:\/\/yoast.com\/wordpress\/plugins\/seo\/ -->\n<title>Informations et recherche | Whyre<\/title>\n<meta name=\"robots\" content=\"index, follow, max-snippet:-1, max-image-preview:large, max-video-preview:-1\" \/>\n<link rel=\"canonical\" href=\"https:\/\/whyre.io\/fr\/informations-et-recherche\/\" \/>\n<meta property=\"og:locale\" content=\"fr_FR\" \/>\n<meta property=\"og:type\" content=\"article\" \/>\n<meta property=\"og:title\" content=\"Informations et recherche | Whyre\" \/>\n<meta property=\"og:description\" content=\"Informations et recherche Derniers \u00e9v\u00e9nements, \u00e9tudes et ressources de l\u2019\u00e9quipe et du r\u00e9seau Whyre. Whyre is growing and hiring a global executive advisory network. Join us! Featured at Malmo Music Conference 2021, on the panel \u2018Your Music &#8211; Your Business\u2019. Invited to deliver a talk at TechBBQ on \u2018Disruption in The Creative Technology Economy\u2019.\" \/>\n<meta property=\"og:url\" content=\"https:\/\/whyre.io\/fr\/informations-et-recherche\/\" \/>\n<meta property=\"og:site_name\" content=\"Whyre\" \/>\n<meta property=\"article:modified_time\" content=\"2021-11-10T09:20:44+00:00\" \/>\n<meta property=\"og:image\" content=\"https:\/\/whyre.io\/wp-content\/uploads\/2021\/10\/random-triangles_6.svg\" \/>\n<meta name=\"twitter:card\" content=\"summary_large_image\" \/>\n<meta name=\"twitter:label1\" content=\"Dur\u00e9e de lecture estim\u00e9e\" \/>\n\t<meta name=\"twitter:data1\" content=\"2 minutes\" \/>\n<script type=\"application\/ld+json\" class=\"yoast-schema-graph\">{\"@context\":\"https:\/\/schema.org\",\"@graph\":[{\"@type\":\"WebPage\",\"@id\":\"https:\/\/whyre.io\/fr\/informations-et-recherche\/\",\"url\":\"https:\/\/whyre.io\/fr\/informations-et-recherche\/\",\"name\":\"Informations et recherche | Whyre\",\"isPartOf\":{\"@id\":\"https:\/\/whyre.io\/#website\"},\"datePublished\":\"2021-11-01T06:56:20+00:00\",\"dateModified\":\"2021-11-10T09:20:44+00:00\",\"breadcrumb\":{\"@id\":\"https:\/\/whyre.io\/fr\/informations-et-recherche\/#breadcrumb\"},\"inLanguage\":\"fr-FR\",\"potentialAction\":[{\"@type\":\"ReadAction\",\"target\":[\"https:\/\/whyre.io\/fr\/informations-et-recherche\/\"]}]},{\"@type\":\"BreadcrumbList\",\"@id\":\"https:\/\/whyre.io\/fr\/informations-et-recherche\/#breadcrumb\",\"itemListElement\":[{\"@type\":\"ListItem\",\"position\":1,\"name\":\"Home\",\"item\":\"https:\/\/whyre.io\/fr\/accueil\/\"},{\"@type\":\"ListItem\",\"position\":2,\"name\":\"Informations et recherche\"}]},{\"@type\":\"WebSite\",\"@id\":\"https:\/\/whyre.io\/#website\",\"url\":\"https:\/\/whyre.io\/\",\"name\":\"Whyre\",\"description\":\"Driving High-Growth Ventures Forward.\",\"publisher\":{\"@id\":\"https:\/\/whyre.io\/#organization\"},\"potentialAction\":[{\"@type\":\"SearchAction\",\"target\":{\"@type\":\"EntryPoint\",\"urlTemplate\":\"https:\/\/whyre.io\/?s={search_term_string}\"},\"query-input\":\"required name=search_term_string\"}],\"inLanguage\":\"fr-FR\"},{\"@type\":\"Organization\",\"@id\":\"https:\/\/whyre.io\/#organization\",\"name\":\"Whyre: A Global Venture Advisory Network.\",\"url\":\"https:\/\/whyre.io\/\",\"logo\":{\"@type\":\"ImageObject\",\"inLanguage\":\"fr-FR\",\"@id\":\"https:\/\/whyre.io\/#\/schema\/logo\/image\/\",\"url\":\"https:\/\/whyre.io\/wp-content\/uploads\/2021\/10\/Logo_primary_blue.png\",\"contentUrl\":\"https:\/\/whyre.io\/wp-content\/uploads\/2021\/10\/Logo_primary_blue.png\",\"width\":2007,\"height\":366,\"caption\":\"Whyre: A Global Venture Advisory Network.\"},\"image\":{\"@id\":\"https:\/\/whyre.io\/#\/schema\/logo\/image\/\"}}]}<\/script>\n<!-- \/ Yoast SEO plugin. -->","yoast_head_json":{"title":"Informations et recherche | Whyre","robots":{"index":"index","follow":"follow","max-snippet":"max-snippet:-1","max-image-preview":"max-image-preview:large","max-video-preview":"max-video-preview:-1"},"canonical":"https:\/\/whyre.io\/fr\/informations-et-recherche\/","og_locale":"fr_FR","og_type":"article","og_title":"Informations et recherche | Whyre","og_description":"Informations et recherche Derniers \u00e9v\u00e9nements, \u00e9tudes et ressources de l\u2019\u00e9quipe et du r\u00e9seau Whyre. Whyre is growing and hiring a global executive advisory network. Join us! Featured at Malmo Music Conference 2021, on the panel \u2018Your Music &#8211; Your Business\u2019. Invited to deliver a talk at TechBBQ on \u2018Disruption in The Creative Technology Economy\u2019.","og_url":"https:\/\/whyre.io\/fr\/informations-et-recherche\/","og_site_name":"Whyre","article_modified_time":"2021-11-10T09:20:44+00:00","og_image":[{"url":"https:\/\/whyre.io\/wp-content\/uploads\/2021\/10\/random-triangles_6.svg"}],"twitter_card":"summary_large_image","twitter_misc":{"Dur\u00e9e de lecture estim\u00e9e":"2 minutes"},"schema":{"@context":"https:\/\/schema.org","@graph":[{"@type":"WebPage","@id":"https:\/\/whyre.io\/fr\/informations-et-recherche\/","url":"https:\/\/whyre.io\/fr\/informations-et-recherche\/","name":"Informations et recherche | Whyre","isPartOf":{"@id":"https:\/\/whyre.io\/#website"},"datePublished":"2021-11-01T06:56:20+00:00","dateModified":"2021-11-10T09:20:44+00:00","breadcrumb":{"@id":"https:\/\/whyre.io\/fr\/informations-et-recherche\/#breadcrumb"},"inLanguage":"fr-FR","potentialAction":[{"@type":"ReadAction","target":["https:\/\/whyre.io\/fr\/informations-et-recherche\/"]}]},{"@type":"BreadcrumbList","@id":"https:\/\/whyre.io\/fr\/informations-et-recherche\/#breadcrumb","itemListElement":[{"@type":"ListItem","position":1,"name":"Home","item":"https:\/\/whyre.io\/fr\/accueil\/"},{"@type":"ListItem","position":2,"name":"Informations et recherche"}]},{"@type":"WebSite","@id":"https:\/\/whyre.io\/#website","url":"https:\/\/whyre.io\/","name":"Whyre","description":"Driving High-Growth Ventures Forward.","publisher":{"@id":"https:\/\/whyre.io\/#organization"},"potentialAction":[{"@type":"SearchAction","target":{"@type":"EntryPoint","urlTemplate":"https:\/\/whyre.io\/?s={search_term_string}"},"query-input":"required name=search_term_string"}],"inLanguage":"fr-FR"},{"@type":"Organization","@id":"https:\/\/whyre.io\/#organization","name":"Whyre: A Global Venture Advisory Network.","url":"https:\/\/whyre.io\/","logo":{"@type":"ImageObject","inLanguage":"fr-FR","@id":"https:\/\/whyre.io\/#\/schema\/logo\/image\/","url":"https:\/\/whyre.io\/wp-content\/uploads\/2021\/10\/Logo_primary_blue.png","contentUrl":"https:\/\/whyre.io\/wp-content\/uploads\/2021\/10\/Logo_primary_blue.png","width":2007,"height":366,"caption":"Whyre: A Global Venture Advisory Network."},"image":{"@id":"https:\/\/whyre.io\/#\/schema\/logo\/image\/"}}]}},"_links":{"self":[{"href":"https:\/\/whyre.io\/fr\/wp-json\/wp\/v2\/pages\/2901"}],"collection":[{"href":"https:\/\/whyre.io\/fr\/wp-json\/wp\/v2\/pages"}],"about":[{"href":"https:\/\/whyre.io\/fr\/wp-json\/wp\/v2\/types\/page"}],"author":[{"embeddable":true,"href":"https:\/\/whyre.io\/fr\/wp-json\/wp\/v2\/users\/3"}],"replies":[{"embeddable":true,"href":"https:\/\/whyre.io\/fr\/wp-json\/wp\/v2\/comments?post=2901"}],"version-history":[{"count":7,"href":"https:\/\/whyre.io\/fr\/wp-json\/wp\/v2\/pages\/2901\/revisions"}],"predecessor-version":[{"id":5246,"href":"https:\/\/whyre.io\/fr\/wp-json\/wp\/v2\/pages\/2901\/revisions\/5246"}],"wp:attachment":[{"href":"https:\/\/whyre.io\/fr\/wp-json\/wp\/v2\/media?parent=2901"}],"curies":[{"name":"wp","href":"https:\/\/api.w.org\/{rel}","templated":true}]}}